{"id":9531,"date":"2022-07-11T14:41:56","date_gmt":"2022-07-11T14:41:56","guid":{"rendered":"https:\/\/apmea.davincigourmet.com\/miksoloji\/"},"modified":"2022-07-11T14:41:56","modified_gmt":"2022-07-11T14:41:56","slug":"miksoloji","status":"publish","type":"page","link":"https:\/\/www.apac.davincigourmet.com\/tr\/miksoloji\/","title":{"rendered":"M\u0130KSOLOJ\u0130"},"content":{"rendered":"","protected":false},"excerpt":{"rendered":"<p>Temel miksoloji tekniklerini \u00f6\u011frenin ve en iyi kokteylleri harmanlama sanat\u0131nda ustala\u015f\u0131n. <\/p>\n","protected":false},"author":1,"featured_media":9532,"parent":0,"menu_order":0,"comment_status":"closed","ping_status":"closed","template":"archive-mixology.php","meta":{"_acf_changed":false,"footnotes":""},"class_list":["post-9531","page","type-page","status-publish","has-post-thumbnail","hentry"],"acf":[],"aioseo_notices":[],"_links":{"self":[{"href":"https:\/\/www.apac.davincigourmet.com\/tr\/wp-json\/wp\/v2\/pages\/9531","targetHints":{"allow":["GET"]}}],"collection":[{"href":"https:\/\/www.apac.davincigourmet.com\/tr\/wp-json\/wp\/v2\/pages"}],"about":[{"href":"https:\/\/www.apac.davincigourmet.com\/tr\/wp-json\/wp\/v2\/types\/page"}],"author":[{"embeddable":true,"href":"https:\/\/www.apac.davincigourmet.com\/tr\/wp-json\/wp\/v2\/users\/1"}],"replies":[{"embeddable":true,"href":"https:\/\/www.apac.davincigourmet.com\/tr\/wp-json\/wp\/v2\/comments?post=9531"}],"version-history":[{"count":0,"href":"https:\/\/www.apac.davincigourmet.com\/tr\/wp-json\/wp\/v2\/pages\/9531\/revisions"}],"wp:featuredmedia":[{"embeddable":true,"href":"https:\/\/www.apac.davincigourmet.com\/tr\/wp-json\/wp\/v2\/media\/9532"}],"wp:attachment":[{"href":"https:\/\/www.apac.davincigourmet.com\/tr\/wp-json\/wp\/v2\/media?parent=9531"}],"curies":[{"name":"wp","href":"https:\/\/api.w.org\/{rel}","templated":true}]}}